{"id":716,"date":"2026-02-03T16:49:53","date_gmt":"2026-02-03T16:49:53","guid":{"rendered":"https:\/\/acceso.svet.gob.gt\/wpsvet\/?page_id=716"},"modified":"2026-02-05T15:01:24","modified_gmt":"2026-02-05T15:01:24","slug":"campanas","status":"publish","type":"page","link":"https:\/\/acceso.svet.gob.gt\/wpsvet\/index.php\/campanas\/","title":{"rendered":"campa\u00f1as"},"content":{"rendered":"\t\t<div data-elementor-type=\"wp-page\" data-elementor-id=\"716\" class=\"elementor elementor-716\" data-elementor-post-type=\"page\">\n\t\t\t\t<div class=\"elementor-element elementor-element-3c3ea88 e-flex e-con-boxed e-con e-parent\" data-id=\"3c3ea88\" data-element_type=\"container\" data-e-type=\"container\">\n\t\t\t\t\t<div class=\"e-con-inner\">\n\t\t\t\t<div class=\"elementor-element elementor-element-5ce6f63 elementor-widget elementor-widget-html\" data-id=\"5ce6f63\" data-element_type=\"widget\" data-e-type=\"widget\" data-widget_type=\"html.default\">\n\t\t\t\t\t<input type=\"checkbox\" id=\"menu-check\" hidden>\n\n<div class=\"wp-header-responsive\">\n\n<style>\n\/* ================= RESET ================= *\/\n*{\n  box-sizing:border-box;\n}\nul, li{\n  list-style:none;\n  margin:0;\n  padding:0;\n}\n\n\/* ================= BODY ================= *\/\nbody{\n  margin:0;\n  padding-top:70px;\n  font-family:Arial, sans-serif;\n}\n\n\/* ================= HEADER ================= *\/\n.wp-header-responsive{\n  position:fixed;\n  top:0;\n  left:0;\n  width:100%;\n  z-index:10000;\n}\n\n.header-contenedor{\n  background:#273053;\n  height:70px;\n  display:flex;\n  align-items:center;\n  justify-content:space-between;\n  padding:0 20px;\n}\n\n\/* ================= LOGO ================= *\/\n.logo-contenedor{\n  background:#fff;\n  padding:6px 10px;\n  border-radius:10px;\n  box-shadow:0 2px 8px rgba(0,0,0,.15);\n  display:flex;\n  align-items:center;\n}\n.logo-header{\n  max-height:44px;\n}\n\n\/* ================= HAMBURGUESA ================= *\/\n.menu-toggle{\n  display:none;\n  cursor:pointer;\n}\n.menu-toggle span{\n  width:28px;\n  height:4px;\n  background:#fff;\n  margin:4px 0;\n  display:block;\n  border-radius:2px;\n}\n\n\/* ================= MEN\u00da ESCRITORIO ================= *\/\n.menu-escritorio{\n  display:flex;\n  gap:40px;\n  margin:0 auto;\n}\n.menu-escritorio > li{\n  position:relative;\n}\n.menu-escritorio a{\n  color:#fff;\n  text-decoration:none;\n  padding:10px 14px;\n  font-weight:600;\n  display:block;\n}\n.menu-escritorio a:hover{\n  background:rgba(255,255,255,.2);\n  border-radius:6px;\n}\n\n\/* ===== Submen\u00fa escritorio ===== *\/\n.submenu-header{\n  position:absolute;\n  top:100%;\n  left:0;\n  background:#fff;\n  min-width:240px;\n  border-radius:8px;\n  box-shadow:0 8px 16px rgba(0,0,0,.15);\n  padding:8px 0;\n  opacity:0;\n  visibility:hidden;\n  transform:translateY(8px);\n  transition:.25s ease;\n  z-index:999;\n}\n.submenu-header a{\n  color:#273053;\n  padding:10px 20px;\n}\n.submenu-header a:hover{\n  background:#f1f4fa;\n  color:#0d47a1;\n}\n.has-submenu:hover .submenu-header{\n  opacity:1;\n  visibility:visible;\n  transform:translateY(0);\n}\n\n\/* Submen\u00fa anidado *\/\n.menu-escritorio .submenu-header .has-submenu {\n  position: relative;\n}\n.menu-escritorio .submenu-header .has-submenu .submenu-header {\n  position: absolute;\n  top: 0;\n  left: 100%;\n  background: #fff;\n  min-width: 220px;\n  padding: 8px 0;\n  border-radius: 8px;\n  box-shadow: 0 8px 16px rgba(0,0,0,.15);\n  opacity: 0;\n  visibility: hidden;\n  transform: translateY(8px);\n  transition: .25s ease;\n  z-index: 9999;\n}\n.menu-escritorio .submenu-header .has-submenu:hover .submenu-header {\n  opacity: 1;\n  visibility: visible;\n  transform: translateY(0);\n}\n\n\/* ================= MEN\u00da M\u00d3VIL ================= *\/\n#menu-mobile{\n  display:none;\n}\n\n@media(max-width:768px){\n  .menu-toggle{\n    display:flex;\n    flex-direction:column;\n  }\n  .menu-escritorio{\n    display:none;\n  }\n  #menu-mobile{\n    display:block;\n    position:fixed;\n    top:0;\n    left:0;\n    width:320px;\n    height:100vh;\n    background:#273053;\n    padding-top:80px;\n    transform:translateX(-100%);\n    transition:transform .4s ease;\n    overflow-y:auto;\n    z-index:9999;\n  }\n  #menu-check:checked ~ .wp-header-responsive #menu-mobile{\n    transform:translateX(0);\n  }\n  .mobile-nav a{\n    display:block;\n    padding:16px 20px;\n    color:#fff;\n    text-decoration:none;\n    font-weight:600;\n  }\n  .submenu{\n    background:#2f3753;\n    max-height:0;\n    overflow:hidden;\n    transition:max-height .4s ease;\n  }\n  .submenu a{\n    padding:12px 30px;\n    color:#e0e0e0;\n    font-weight:normal;\n  }\n  .submenu a:hover{\n    background:#3c4567;\n  }\n  .has-submenu.open .submenu{\n    max-height:1000px;\n  }\n  .arrow{\n    float:right;\n    transition:transform .3s;\n  }\n  .has-submenu.open .arrow{\n    transform:rotate(90deg);\n  }\n  .submenu-explotacion {\n    background:#2f3753;\n    max-height:0;\n    overflow:hidden;\n    transition:max-height .4s ease;\n  }\n  .has-submenu.open .submenu-explotacion{\n    max-height:300px;\n  }\n}\n<\/style>\n\n<div class=\"header-contenedor\">\n  <label for=\"menu-check\" class=\"menu-toggle\">\n    <span><\/span>\n    <span><\/span>\n    <span><\/span>\n  <\/label>\n  <ul class=\"menu-escritorio\">\n    <li class=\"has-submenu\">\n      <a href=\"https:\/\/acceso.svet.gob.gt\/wpsvet\/index.php\/inicio\/\">Principal<\/a>\n      <ul class=\"submenu-header\">\n        <li><a href=\"https:\/\/acceso.svet.gob.gt\/wpsvet\/index.php\/autoridad\/\">Autoridad<\/a><\/li>\n        <li><a href=\"https:\/\/acceso.svet.gob.gt\/wpsvet\/index.php\/quienes-somos\/\">\u00bfQui\u00e9nes somos?<\/a><\/li>\n      <\/ul>\n    <\/li>\n    <li class=\"has-submenu\">\n      <a href=\"#\">\u00c1reas de Trabajo<\/a>\n      <ul class=\"submenu-header\">\n        <li><a href=\"https:\/\/acceso.svet.gob.gt\/wpsvet\/index.php\/violencia-sexual\/\">Violencia Sexual<\/a><\/li>\n        <li class=\"has-submenu\">\n          <a href=\"https:\/\/acceso.svet.gob.gt\/wpsvet\/index.php\/explotacion-2\/\">Explotaci\u00f3n<\/a>\n          <ul class=\"submenu-header\">\n            <li><a href=\"https:\/\/acceso.svet.gob.gt\/wpsvet\/index.php\/modo-digital\/\">Modo Digital<\/a><\/li>\n          <\/ul>\n        <\/li>\n        <li><a href=\"https:\/\/acceso.svet.gob.gt\/wpsvet\/index.php\/trata-de-personas-2\/\">Trata de personas<\/a><\/li>\n        <li><a href=\"https:\/\/acceso.svet.gob.gt\/wpsvet\/index.php\/campanas\/\">Campa\u00f1as<\/a><\/li>\n      <\/ul>\n    <\/li>\n    <li class=\"has-submenu\">\n      <a href=\"#\">Datos Estad\u00edsticos<\/a>\n      <ul class=\"submenu-header\">\n        <li><a href=\"https:\/\/acceso.svet.gob.gt\/wpsvet\/index.php\/tablero-dinamico\/\">Tablero Dinamico<\/a><\/li>\n        <li><a href=\"https:\/\/acceso.svet.gob.gt\/wpsvet\/index.php\/flujograma-2020\/\">Flujograma 2020<\/a><\/li>\n        <li><a href=\"https:\/\/acceso.svet.gob.gt\/wpsvet\/index.php\/flujograma-2021\/\">Flujograma 2021<\/a><\/li>\n      <\/ul>\n    <\/li>\n    <li class=\"has-submenu\">\n      <a href=\"#\">Transparencia Institucional<\/a>\n      <ul class=\"submenu-header\">\n        <li class=\"has-submenu\">\n          <a href=\"\/transparencia\">Ley de Acceso a la Informaci\u00f3n P\u00fablica<\/a>\n          <ul class=\"submenu-header\">\n            <li><a href=\"https:\/\/acceso.svet.gob.gt\/wpsvet\/index.php\/idioma-espanol\/\">Idioma Espa\u00f1ol<\/a><\/li>\n            <li><a href=\"https:\/\/acceso.svet.gob.gt\/wpsvet\/index.php\/idiomas-mayas\/\">Idiomas Mayas<\/a><\/li>\n            <li><a href=\"https:\/\/acceso.svet.gob.gt\/wpsvet\/index.php\/lenguaje-de-senas\/\">Lenguaje de Se\u00f1as<\/a><\/li>\n          <\/ul>\n        <\/li>\n        <li><a href=\"https:\/\/acceso.svet.gob.gt\/wpsvet\/index.php\/informacion-publica-2026\/\">Informaci\u00f3n P\u00fablica de Oficio<\/a><\/li>\n        <li><a href=\"https:\/\/acceso.svet.gob.gt\/wpsvet\/index.php\/tu-gobierno-en-numeros\/\">Tu Gobierno en N\u00fameros<\/a><\/li>\n        <li><a href=\"https:\/\/docs.google.com\/forms\/d\/e\/1FAIpQLSfnWe3BLJdwZRWI205_9sOXzIoZRrsrRKNaCK6rhYutCqEYDg\/viewform\">Solicitud de Informaci\u00f3n P\u00fablica<\/a><\/li>\n        <li><a href=\"\/normativas\">Transparencia Presupuestaria 2025<\/a><\/li>\n        <li><a href=\"\/normativas\">Transparencia Activa 2025<\/a><\/li>\n        <li><a href=\"\/normativas\">LA COVES<\/a><\/li>\n        <li><a href=\"\/normativas\">Plan de Simplificaci\u00f3n de Tr\u00e1mites<\/a><\/li>\n      <\/ul>\n    <\/li>\n  <\/ul>\n  <div class=\"logo-contenedor\">\n    <img decoding=\"async\" src=\"https:\/\/acceso.svet.gob.gt\/wpsvet\/wp-content\/uploads\/2025\/08\/logo.png\" class=\"logo-header\" alt=\"SVET\">\n  <\/div>\n<\/div>\n\n<nav id=\"menu-mobile\" class=\"mobile-nav\">\n  <ul>\n    <li class=\"has-submenu\">\n      <a href=\"https:\/\/acceso.svet.gob.gt\/wpsvet\/index.php\/inicio\/\">Principal <span class=\"arrow\">\u25b6<\/span><\/a>\n      <div class=\"submenu\">\n        <a href=\"https:\/\/acceso.svet.gob.gt\/wpsvet\/index.php\/autoridad\/\">Autoridad<\/a>\n        <a href=\"https:\/\/acceso.svet.gob.gt\/wpsvet\/index.php\/quienes-somos\/\">\u00bfQui\u00e9nes somos?<\/a>\n      <\/div>\n    <\/li>\n    <li class=\"has-submenu\">\n      <a href=\"#\">\u00c1reas de Trabajo <span class=\"arrow\">\u25b6<\/span><\/a>\n      <div class=\"submenu\">\n        <a href=\"https:\/\/acceso.svet.gob.gt\/wpsvet\/index.php\/violencia-sexual\/\">Violencia Sexual<\/a>\n        <div class=\"has-submenu\">\n          <a href=\"#\">Explotaci\u00f3n <span class=\"arrow\">\u25b6<\/span><\/a>\n          <div class=\"submenu-explotacion\">\n            <a href=\"https:\/\/acceso.svet.gob.gt\/wpsvet\/index.php\/modo-digital\/\">Modo Digital<\/a>\n          <\/div>\n        <\/div>\n        <a href=\"https:\/\/acceso.svet.gob.gt\/wpsvet\/index.php\/trata-de-personas-2\/\">Trata de personas<\/a>\n        <a href=\"https:\/\/acceso.svet.gob.gt\/wpsvet\/index.php\/campanas\/\">Campa\u00f1as<\/a>\n      <\/div>\n    <\/li>\n    <li class=\"has-submenu\">\n      <a href=\"#\">Datos Estad\u00edsticos <span class=\"arrow\">\u25b6<\/span><\/a>\n      <div class=\"submenu\">\n        <a href=\"https:\/\/acceso.svet.gob.gt\/wpsvet\/index.php\/tablero-dinamico\/\">Tablero Dinamico<\/a>\n        <a href=\"https:\/\/acceso.svet.gob.gt\/wpsvet\/index.php\/flujograma-2020\/\">Flujograma 2020<\/a>\n        <a href=\"https:\/\/acceso.svet.gob.gt\/wpsvet\/index.php\/flujograma-2021\/\">Flujograma 2021<\/a>\n      <\/div>\n    <\/li>\n    <li class=\"has-submenu\">\n      <a href=\"#\">Transparencia Institucional <span class=\"arrow\">\u25b6<\/span><\/a>\n      <div class=\"submenu\">\n        <a href=\"\/transparencia\">Ley de Acceso a la Informaci\u00f3n P\u00fablica<\/a>\n        <a href=\"https:\/\/acceso.svet.gob.gt\/wpsvet\/index.php\/idioma-espanol\/\">Idioma Espa\u00f1ol<\/a>\n        <a href=\"https:\/\/acceso.svet.gob.gt\/wpsvet\/index.php\/idiomas-mayas\/\">Idiomas Mayas<\/a>\n        <a href=\"https:\/\/acceso.svet.gob.gt\/wpsvet\/index.php\/lenguaje-de-senas\/\">Lenguaje de Se\u00f1as<\/a>\n        <a href=\"https:\/\/acceso.svet.gob.gt\/wpsvet\/index.php\/informacion-publica-2026\/\">Informaci\u00f3n P\u00fablica de Oficio<\/a>\n        <a href=\"https:\/\/acceso.svet.gob.gt\/wpsvet\/index.php\/tu-gobierno-en-numeros\/\">Tu Gobierno en N\u00fameros<\/a>\n        <a href=\"https:\/\/docs.google.com\/forms\/d\/e\/1FAIpQLSfnWe3BLJdwZRWI205_9sOXzIoZRrsrRKNaCK6rhYutCqEYDg\/viewform\">Solicitud de Informaci\u00f3n P\u00fablica<\/a>\n        <a href=\"\/normativas\">Transparencia Presupuestaria 2025<\/a>\n        <a href=\"\/normativas\">Transparencia Activa 2025<\/a>\n        <a href=\"\/normativas\">LA COVES<\/a>\n        <a href=\"\/normativas\">Plan de Simplificaci\u00f3n de Tr\u00e1mites<\/a>\n      <\/div>\n    <\/li>\n  <\/ul>\n<\/nav>\n\n<\/div>\n\n<script>\ndocument.addEventListener(\"DOMContentLoaded\", function(){\n  document.querySelectorAll(\".has-submenu > a\").forEach(link => {\n    link.addEventListener(\"click\", function(e){\n      if(window.innerWidth <= 768){\n        e.preventDefault();\n        this.parentElement.classList.toggle(\"open\");\n      }\n    });\n  });\n});\n<\/script>\t\t\t\t<\/div>\n\t\t\t\t\t<\/div>\n\t\t\t\t<\/div>\n\t\t<div class=\"elementor-element elementor-element-aea5b0e e-flex e-con-boxed e-con e-parent\" data-id=\"aea5b0e\" data-element_type=\"container\" data-e-type=\"container\">\n\t\t\t\t\t<div class=\"e-con-inner\">\n\t\t\t\t<div class=\"elementor-element elementor-element-c062b54 elementor-widget elementor-widget-html\" data-id=\"c062b54\" data-element_type=\"widget\" data-e-type=\"widget\" data-widget_type=\"html.default\">\n\t\t\t\t\t<div style=\"max-width: 1200px; margin: auto; padding: 50px 20px; background-color: #ffffff; border-radius: 20px; box-shadow: 0 4px 12px rgba(0,0,0,0.1);\">\n  <h2 style=\"font-size: 32px; font-weight: 600; color: #003366; text-align: center; margin-bottom: 40px; font-family: 'Segoe UI', sans-serif;\">\n    SVET\n  <\/h2>\n\n  <div style=\"display: flex; flex-wrap: wrap; justify-content: center; gap: 40px;\">\n    \n    <!-- Logo 1 -->\n    <a href=\"https:\/\/acceso.svet.gob.gt\/wpsvet\/index.php\/campana-vs\/\" target=\"_blank\" style=\"flex: 1 1 250px; max-width: 300px; transition: transform 0.3s;\">\n      <img decoding=\"async\" src=\"https:\/\/acceso.svet.gob.gt\/wpsvet\/wp-content\/uploads\/2025\/08\/nomasviolencia.png\" alt=\"Unidos contra la violencia sexual\" style=\"width: 100%; height: auto; border-radius: 12px; box-shadow: 0 2px 8px rgba(0,0,0,0.05);\">\n    <\/a>\n\n    <!-- Logo 2 -->\n    <a href=\"https:\/\/acceso.svet.gob.gt\/wpsvet\/index.php\/campana-exp\/\" target=\"_blank\" style=\"flex: 1 1 250px; max-width: 300px; transition: transform 0.3s;\">\n      <img decoding=\"async\" src=\"https:\/\/acceso.svet.gob.gt\/wpsvet\/wp-content\/uploads\/2025\/08\/tesoro.png\" alt=\"Protegiendo nuestro mayor tesoro\" style=\"width: 100%; height: auto; border-radius: 12px; box-shadow: 0 2px 8px rgba(0,0,0,0.05);\">\n    <\/a>\n\n    <!-- Logo 3 -->\n    <a href=\"https:\/\/acceso.svet.gob.gt\/wpsvet\/index.php\/campana-tdp\/\" target=\"_blank\" style=\"flex: 1 1 250px; max-width: 300px; transition: transform 0.3s;\">\n      <img decoding=\"async\" src=\"https:\/\/acceso.svet.gob.gt\/wpsvet\/wp-content\/uploads\/2025\/08\/corazonazul.png\" alt=\"Campa\u00f1a Coraz\u00f3n Azul\" style=\"width: 100%; height: auto; border-radius: 12px; box-shadow: 0 2px 8px rgba(0,0,0,0.05);\">\n    <\/a>\n\n  <\/div>\n<\/div>\n\t\t\t\t<\/div>\n\t\t\t\t\t<\/div>\n\t\t\t\t<\/div>\n\t\t\t\t<\/div>\n\t\t","protected":false},"excerpt":{"rendered":"<p>Principal Autoridad \u00bfQui\u00e9nes somos? \u00c1reas de Trabajo Violencia Sexual Explotaci\u00f3n Modo Digital Trata de personas Campa\u00f1as Datos Estad\u00edsticos Tablero Dinamico Flujograma 2020 Flujograma 2021 Transparencia Institucional Ley de Acceso a la Informaci\u00f3n P\u00fablica Idioma Espa\u00f1ol Idiomas Mayas Lenguaje de Se\u00f1as Informaci\u00f3n P\u00fablica de Oficio Tu Gobierno en N\u00fameros Solicitud de Informaci\u00f3n P\u00fablica Transparencia Presupuestaria 2025 [&hellip;]<\/p>\n","protected":false},"author":1,"featured_media":0,"parent":0,"menu_order":0,"comment_status":"closed","ping_status":"closed","template":"elementor_header_footer","meta":{"footnotes":""},"class_list":["post-716","page","type-page","status-publish","hentry"],"_links":{"self":[{"href":"https:\/\/acceso.svet.gob.gt\/wpsvet\/index.php\/wp-json\/wp\/v2\/pages\/716","targetHints":{"allow":["GET"]}}],"collection":[{"href":"https:\/\/acceso.svet.gob.gt\/wpsvet\/index.php\/wp-json\/wp\/v2\/pages"}],"about":[{"href":"https:\/\/acceso.svet.gob.gt\/wpsvet\/index.php\/wp-json\/wp\/v2\/types\/page"}],"author":[{"embeddable":true,"href":"https:\/\/acceso.svet.gob.gt\/wpsvet\/index.php\/wp-json\/wp\/v2\/users\/1"}],"replies":[{"embeddable":true,"href":"https:\/\/acceso.svet.gob.gt\/wpsvet\/index.php\/wp-json\/wp\/v2\/comments?post=716"}],"version-history":[{"count":13,"href":"https:\/\/acceso.svet.gob.gt\/wpsvet\/index.php\/wp-json\/wp\/v2\/pages\/716\/revisions"}],"predecessor-version":[{"id":1073,"href":"https:\/\/acceso.svet.gob.gt\/wpsvet\/index.php\/wp-json\/wp\/v2\/pages\/716\/revisions\/1073"}],"wp:attachment":[{"href":"https:\/\/acceso.svet.gob.gt\/wpsvet\/index.php\/wp-json\/wp\/v2\/media?parent=716"}],"curies":[{"name":"wp","href":"https:\/\/api.w.org\/{rel}","templated":true}]}}