{"id":724,"date":"2026-02-03T16:53:33","date_gmt":"2026-02-03T16:53:33","guid":{"rendered":"https:\/\/acceso.svet.gob.gt\/wpsvet\/?page_id=724"},"modified":"2026-02-05T15:09:55","modified_gmt":"2026-02-05T15:09:55","slug":"campana-vs","status":"publish","type":"page","link":"https:\/\/acceso.svet.gob.gt\/wpsvet\/index.php\/campana-vs\/","title":{"rendered":"campa\u00f1a-vs"},"content":{"rendered":"\t\t<div data-elementor-type=\"wp-page\" data-elementor-id=\"724\" class=\"elementor elementor-724\" data-elementor-post-type=\"page\">\n\t\t\t\t<div class=\"elementor-element elementor-element-7c63129 e-flex e-con-boxed e-con e-parent\" data-id=\"7c63129\" data-element_type=\"container\" data-e-type=\"container\">\n\t\t\t\t\t<div class=\"e-con-inner\">\n\t\t\t\t<div class=\"elementor-element elementor-element-45612b9 elementor-widget elementor-widget-html\" data-id=\"45612b9\" data-element_type=\"widget\" data-e-type=\"widget\" data-widget_type=\"html.default\">\n\t\t\t\t\t<input type=\"checkbox\" id=\"menu-check\" hidden>\n\n<div class=\"wp-header-responsive\">\n\n<style>\n\/* ================= RESET ================= *\/\n*{\n  box-sizing:border-box;\n}\nul, li{\n  list-style:none;\n  margin:0;\n  padding:0;\n}\n\n\/* ================= BODY ================= *\/\nbody{\n  margin:0;\n  padding-top:70px;\n  font-family:Arial, sans-serif;\n}\n\n\/* ================= HEADER ================= *\/\n.wp-header-responsive{\n  position:fixed;\n  top:0;\n  left:0;\n  width:100%;\n  z-index:10000;\n}\n\n.header-contenedor{\n  background:#273053;\n  height:70px;\n  display:flex;\n  align-items:center;\n  justify-content:space-between;\n  padding:0 20px;\n}\n\n\/* ================= LOGO ================= *\/\n.logo-contenedor{\n  background:#fff;\n  padding:6px 10px;\n  border-radius:10px;\n  box-shadow:0 2px 8px rgba(0,0,0,.15);\n  display:flex;\n  align-items:center;\n}\n.logo-header{\n  max-height:44px;\n}\n\n\/* ================= HAMBURGUESA ================= *\/\n.menu-toggle{\n  display:none;\n  cursor:pointer;\n}\n.menu-toggle span{\n  width:28px;\n  height:4px;\n  background:#fff;\n  margin:4px 0;\n  display:block;\n  border-radius:2px;\n}\n\n\/* ================= MEN\u00da ESCRITORIO ================= *\/\n.menu-escritorio{\n  display:flex;\n  gap:40px;\n  margin:0 auto;\n}\n.menu-escritorio > li{\n  position:relative;\n}\n.menu-escritorio a{\n  color:#fff;\n  text-decoration:none;\n  padding:10px 14px;\n  font-weight:600;\n  display:block;\n}\n.menu-escritorio a:hover{\n  background:rgba(255,255,255,.2);\n  border-radius:6px;\n}\n\n\/* ===== Submen\u00fa escritorio ===== *\/\n.submenu-header{\n  position:absolute;\n  top:100%;\n  left:0;\n  background:#fff;\n  min-width:240px;\n  border-radius:8px;\n  box-shadow:0 8px 16px rgba(0,0,0,.15);\n  padding:8px 0;\n  opacity:0;\n  visibility:hidden;\n  transform:translateY(8px);\n  transition:.25s ease;\n  z-index:999;\n}\n.submenu-header a{\n  color:#273053;\n  padding:10px 20px;\n}\n.submenu-header a:hover{\n  background:#f1f4fa;\n  color:#0d47a1;\n}\n.has-submenu:hover .submenu-header{\n  opacity:1;\n  visibility:visible;\n  transform:translateY(0);\n}\n\n\/* Submen\u00fa anidado *\/\n.menu-escritorio .submenu-header .has-submenu {\n  position: relative;\n}\n.menu-escritorio .submenu-header .has-submenu .submenu-header {\n  position: absolute;\n  top: 0;\n  left: 100%;\n  background: #fff;\n  min-width: 220px;\n  padding: 8px 0;\n  border-radius: 8px;\n  box-shadow: 0 8px 16px rgba(0,0,0,.15);\n  opacity: 0;\n  visibility: hidden;\n  transform: translateY(8px);\n  transition: .25s ease;\n  z-index: 9999;\n}\n.menu-escritorio .submenu-header .has-submenu:hover .submenu-header {\n  opacity: 1;\n  visibility: visible;\n  transform: translateY(0);\n}\n\n\/* ================= MEN\u00da M\u00d3VIL ================= *\/\n#menu-mobile{\n  display:none;\n}\n\n@media(max-width:768px){\n  .menu-toggle{\n    display:flex;\n    flex-direction:column;\n  }\n  .menu-escritorio{\n    display:none;\n  }\n  #menu-mobile{\n    display:block;\n    position:fixed;\n    top:0;\n    left:0;\n    width:320px;\n    height:100vh;\n    background:#273053;\n    padding-top:80px;\n    transform:translateX(-100%);\n    transition:transform .4s ease;\n    overflow-y:auto;\n    z-index:9999;\n  }\n  #menu-check:checked ~ .wp-header-responsive #menu-mobile{\n    transform:translateX(0);\n  }\n  .mobile-nav a{\n    display:block;\n    padding:16px 20px;\n    color:#fff;\n    text-decoration:none;\n    font-weight:600;\n  }\n  .submenu{\n    background:#2f3753;\n    max-height:0;\n    overflow:hidden;\n    transition:max-height .4s ease;\n  }\n  .submenu a{\n    padding:12px 30px;\n    color:#e0e0e0;\n    font-weight:normal;\n  }\n  .submenu a:hover{\n    background:#3c4567;\n  }\n  .has-submenu.open .submenu{\n    max-height:1000px;\n  }\n  .arrow{\n    float:right;\n    transition:transform .3s;\n  }\n  .has-submenu.open .arrow{\n    transform:rotate(90deg);\n  }\n  .submenu-explotacion {\n    background:#2f3753;\n    max-height:0;\n    overflow:hidden;\n    transition:max-height .4s ease;\n  }\n  .has-submenu.open .submenu-explotacion{\n    max-height:300px;\n  }\n}\n<\/style>\n\n<div class=\"header-contenedor\">\n  <label for=\"menu-check\" class=\"menu-toggle\">\n    <span><\/span>\n    <span><\/span>\n    <span><\/span>\n  <\/label>\n  <ul class=\"menu-escritorio\">\n    <li class=\"has-submenu\">\n      <a href=\"https:\/\/acceso.svet.gob.gt\/wpsvet\/index.php\/inicio\/\">Principal<\/a>\n      <ul class=\"submenu-header\">\n        <li><a href=\"https:\/\/acceso.svet.gob.gt\/wpsvet\/index.php\/autoridad\/\">Autoridad<\/a><\/li>\n        <li><a href=\"https:\/\/acceso.svet.gob.gt\/wpsvet\/index.php\/quienes-somos\/\">\u00bfQui\u00e9nes somos?<\/a><\/li>\n      <\/ul>\n    <\/li>\n    <li class=\"has-submenu\">\n      <a href=\"#\">\u00c1reas de Trabajo<\/a>\n      <ul class=\"submenu-header\">\n        <li><a href=\"https:\/\/acceso.svet.gob.gt\/wpsvet\/index.php\/violencia-sexual\/\">Violencia Sexual<\/a><\/li>\n        <li class=\"has-submenu\">\n          <a href=\"https:\/\/acceso.svet.gob.gt\/wpsvet\/index.php\/explotacion-2\/\">Explotaci\u00f3n<\/a>\n          <ul class=\"submenu-header\">\n            <li><a href=\"https:\/\/acceso.svet.gob.gt\/wpsvet\/index.php\/modo-digital\/\">Modo Digital<\/a><\/li>\n          <\/ul>\n        <\/li>\n        <li><a href=\"https:\/\/acceso.svet.gob.gt\/wpsvet\/index.php\/trata-de-personas-2\/\">Trata de personas<\/a><\/li>\n        <li><a href=\"https:\/\/acceso.svet.gob.gt\/wpsvet\/index.php\/campanas\/\">Campa\u00f1as<\/a><\/li>\n      <\/ul>\n    <\/li>\n    <li class=\"has-submenu\">\n      <a href=\"#\">Datos Estad\u00edsticos<\/a>\n      <ul class=\"submenu-header\">\n        <li><a href=\"https:\/\/acceso.svet.gob.gt\/wpsvet\/index.php\/tablero-dinamico\/\">Tablero Dinamico<\/a><\/li>\n        <li><a href=\"https:\/\/acceso.svet.gob.gt\/wpsvet\/index.php\/flujograma-2020\/\">Flujograma 2020<\/a><\/li>\n        <li><a href=\"https:\/\/acceso.svet.gob.gt\/wpsvet\/index.php\/flujograma-2021\/\">Flujograma 2021<\/a><\/li>\n      <\/ul>\n    <\/li>\n    <li class=\"has-submenu\">\n      <a href=\"#\">Transparencia Institucional<\/a>\n      <ul class=\"submenu-header\">\n        <li class=\"has-submenu\">\n          <a href=\"\/transparencia\">Ley de Acceso a la Informaci\u00f3n P\u00fablica<\/a>\n          <ul class=\"submenu-header\">\n            <li><a href=\"https:\/\/acceso.svet.gob.gt\/wpsvet\/index.php\/idioma-espanol\/\">Idioma Espa\u00f1ol<\/a><\/li>\n            <li><a href=\"https:\/\/acceso.svet.gob.gt\/wpsvet\/index.php\/idiomas-mayas\/\">Idiomas Mayas<\/a><\/li>\n            <li><a href=\"https:\/\/acceso.svet.gob.gt\/wpsvet\/index.php\/lenguaje-de-senas\/\">Lenguaje de Se\u00f1as<\/a><\/li>\n          <\/ul>\n        <\/li>\n        <li><a href=\"https:\/\/acceso.svet.gob.gt\/wpsvet\/index.php\/informacion-publica-2026\/\">Informaci\u00f3n P\u00fablica de Oficio<\/a><\/li>\n        <li><a href=\"https:\/\/acceso.svet.gob.gt\/wpsvet\/index.php\/tu-gobierno-en-numeros\/\">Tu Gobierno en N\u00fameros<\/a><\/li>\n        <li><a href=\"https:\/\/docs.google.com\/forms\/d\/e\/1FAIpQLSfnWe3BLJdwZRWI205_9sOXzIoZRrsrRKNaCK6rhYutCqEYDg\/viewform\">Solicitud de Informaci\u00f3n P\u00fablica<\/a><\/li>\n        <li><a href=\"\/normativas\">Transparencia Presupuestaria 2025<\/a><\/li>\n        <li><a href=\"\/normativas\">Transparencia Activa 2025<\/a><\/li>\n        <li><a href=\"\/normativas\">LA COVES<\/a><\/li>\n        <li><a href=\"\/normativas\">Plan de Simplificaci\u00f3n de Tr\u00e1mites<\/a><\/li>\n      <\/ul>\n    <\/li>\n  <\/ul>\n  <div class=\"logo-contenedor\">\n    <img decoding=\"async\" src=\"https:\/\/acceso.svet.gob.gt\/wpsvet\/wp-content\/uploads\/2025\/08\/logo.png\" class=\"logo-header\" alt=\"SVET\">\n  <\/div>\n<\/div>\n\n<nav id=\"menu-mobile\" class=\"mobile-nav\">\n  <ul>\n    <li class=\"has-submenu\">\n      <a href=\"https:\/\/acceso.svet.gob.gt\/wpsvet\/index.php\/inicio\/\">Principal <span class=\"arrow\">\u25b6<\/span><\/a>\n      <div class=\"submenu\">\n        <a href=\"https:\/\/acceso.svet.gob.gt\/wpsvet\/index.php\/autoridad\/\">Autoridad<\/a>\n        <a href=\"https:\/\/acceso.svet.gob.gt\/wpsvet\/index.php\/quienes-somos\/\">\u00bfQui\u00e9nes somos?<\/a>\n      <\/div>\n    <\/li>\n    <li class=\"has-submenu\">\n      <a href=\"#\">\u00c1reas de Trabajo <span class=\"arrow\">\u25b6<\/span><\/a>\n      <div class=\"submenu\">\n        <a href=\"https:\/\/acceso.svet.gob.gt\/wpsvet\/index.php\/violencia-sexual\/\">Violencia Sexual<\/a>\n        <div class=\"has-submenu\">\n          <a href=\"#\">Explotaci\u00f3n <span class=\"arrow\">\u25b6<\/span><\/a>\n          <div class=\"submenu-explotacion\">\n            <a href=\"https:\/\/acceso.svet.gob.gt\/wpsvet\/index.php\/modo-digital\/\">Modo Digital<\/a>\n          <\/div>\n        <\/div>\n        <a href=\"https:\/\/acceso.svet.gob.gt\/wpsvet\/index.php\/trata-de-personas-2\/\">Trata de personas<\/a>\n        <a href=\"https:\/\/acceso.svet.gob.gt\/wpsvet\/index.php\/campanas\/\">Campa\u00f1as<\/a>\n      <\/div>\n    <\/li>\n    <li class=\"has-submenu\">\n      <a href=\"#\">Datos Estad\u00edsticos <span class=\"arrow\">\u25b6<\/span><\/a>\n      <div class=\"submenu\">\n        <a href=\"https:\/\/acceso.svet.gob.gt\/wpsvet\/index.php\/tablero-dinamico\/\">Tablero Dinamico<\/a>\n        <a href=\"https:\/\/acceso.svet.gob.gt\/wpsvet\/index.php\/flujograma-2020\/\">Flujograma 2020<\/a>\n        <a href=\"https:\/\/acceso.svet.gob.gt\/wpsvet\/index.php\/flujograma-2021\/\">Flujograma 2021<\/a>\n      <\/div>\n    <\/li>\n    <li class=\"has-submenu\">\n      <a href=\"#\">Transparencia Institucional <span class=\"arrow\">\u25b6<\/span><\/a>\n      <div class=\"submenu\">\n        <a href=\"\/transparencia\">Ley de Acceso a la Informaci\u00f3n P\u00fablica<\/a>\n        <a href=\"https:\/\/acceso.svet.gob.gt\/wpsvet\/index.php\/idioma-espanol\/\">Idioma Espa\u00f1ol<\/a>\n        <a href=\"https:\/\/acceso.svet.gob.gt\/wpsvet\/index.php\/idiomas-mayas\/\">Idiomas Mayas<\/a>\n        <a href=\"https:\/\/acceso.svet.gob.gt\/wpsvet\/index.php\/lenguaje-de-senas\/\">Lenguaje de Se\u00f1as<\/a>\n        <a href=\"https:\/\/acceso.svet.gob.gt\/wpsvet\/index.php\/informacion-publica-2026\/\">Informaci\u00f3n P\u00fablica de Oficio<\/a>\n        <a href=\"https:\/\/acceso.svet.gob.gt\/wpsvet\/index.php\/tu-gobierno-en-numeros\/\">Tu Gobierno en N\u00fameros<\/a>\n        <a href=\"https:\/\/docs.google.com\/forms\/d\/e\/1FAIpQLSfnWe3BLJdwZRWI205_9sOXzIoZRrsrRKNaCK6rhYutCqEYDg\/viewform\">Solicitud de Informaci\u00f3n P\u00fablica<\/a>\n        <a href=\"\/normativas\">Transparencia Presupuestaria 2025<\/a>\n        <a href=\"\/normativas\">Transparencia Activa 2025<\/a>\n        <a href=\"\/normativas\">LA COVES<\/a>\n        <a href=\"\/normativas\">Plan de Simplificaci\u00f3n de Tr\u00e1mites<\/a>\n      <\/div>\n    <\/li>\n  <\/ul>\n<\/nav>\n\n<\/div>\n\n<script>\ndocument.addEventListener(\"DOMContentLoaded\", function(){\n  document.querySelectorAll(\".has-submenu > a\").forEach(link => {\n    link.addEventListener(\"click\", function(e){\n      if(window.innerWidth <= 768){\n        e.preventDefault();\n        this.parentElement.classList.toggle(\"open\");\n      }\n    });\n  });\n});\n<\/script>\t\t\t\t<\/div>\n\t\t\t\t\t<\/div>\n\t\t\t\t<\/div>\n\t\t<div class=\"elementor-element elementor-element-ef5332b e-flex e-con-boxed e-con e-parent\" data-id=\"ef5332b\" data-element_type=\"container\" data-e-type=\"container\">\n\t\t\t\t\t<div class=\"e-con-inner\">\n\t\t\t\t<div class=\"elementor-element elementor-element-6a3c3ab elementor-widget elementor-widget-html\" data-id=\"6a3c3ab\" data-element_type=\"widget\" data-e-type=\"widget\" data-widget_type=\"html.default\">\n\t\t\t\t\t<!-- Fuente y estilos -->\n<link href=\"https:\/\/fonts.googleapis.com\/css2?family=Poppins:wght@300;400;600&display=swap\" rel=\"stylesheet\">\n\n<style>\n  .no-mas-container {\n    font-family: 'Poppins', sans-serif;\n    padding: 100px 20px 60px;\n    background: linear-gradient(to bottom, #ffffff, #f4f9fb);\n    max-width: 1100px;\n    margin: auto;\n  }\n\n  .no-mas-header {\n    text-align: center;\n    margin-bottom: 40px;\n  }\n\n  .no-mas-header h1 {\n    font-size: 36px;\n    color: #003366;\n    margin-bottom: 10px;\n  }\n\n  .no-mas-header .hashtag {\n    font-size: 18px;\n    color: #007ac2;\n    font-weight: 500;\n  }\n\n  .no-mas-content {\n    display: flex;\n    flex-wrap: wrap;\n    gap: 40px;\n    align-items: flex-start;\n  }\n\n  .no-mas-text {\n    flex: 1 1 60%;\n  }\n\n  .no-mas-text p {\n    font-size: 16px;\n    line-height: 1.7;\n    margin-bottom: 16px;\n    color: #333;\n  }\n\n  .no-mas-text ul {\n    padding-left: 20px;\n  }\n\n  .no-mas-text li {\n    margin-bottom: 10px;\n  }\n\n  .no-mas-image {\n    flex: 1 1 35%;\n    text-align: center;\n  }\n\n  .no-mas-image img {\n    max-width: 100%;\n    height: auto;\n    border-radius: 8px;\n  }\n\n  @media (max-width: 768px) {\n    .no-mas-content {\n      flex-direction: column;\n    }\n  }\n<\/style>\n\n<!-- Secci\u00f3n 1 -->\n<section class=\"no-mas-container\" id=\"campana\">\n  <div class=\"no-mas-header\">\n    <h1>Campa\u00f1a No+Violencia Sexual<\/h1>\n    <p class=\"hashtag\">#NoM\u00e1sViolenciaSexual<\/p>\n  <\/div>\n\n  <div class=\"no-mas-content\">\n    <!-- Texto -->\n    <div class=\"no-mas-text\">\n      <p>El d\u00eda 19 de septiembre, en el Palacio Nacional de la Cultura se present\u00f3 la campa\u00f1a, la cual se realiz\u00f3 en el marco del Convenio de Cooperaci\u00f3n firmado con la Escuela de Ciencias de la Comunicaci\u00f3n de la Universidad San Carlos de Guatemala y la Secretar\u00eda contra la Violencia Sexual, Explotaci\u00f3n y Trata de Personas.<\/p>\n\n      <p>La campa\u00f1a se realiz\u00f3 con el apoyo de la Agencia de Publicidad \u201cLaboratorio de Ideas\u201d, espacio de formaci\u00f3n de la Escuela de Ciencias de la Comunicaci\u00f3n, la cual cuenta con estudiantes que realizan su Ejercicio Profesional Supervisado \u2013EPS\u2013.<\/p>\n\n      <p>La Campa\u00f1a No + Violencia Sexual se cre\u00f3 como una Campa\u00f1a de Estado que permitiera a la poblaci\u00f3n guatemalteca identificar los delitos de violencia sexual que com\u00fanmente no se conocen.<\/p>\n\n      <p>Se cre\u00f3 bajo los siguientes criterios:<\/p>\n      <ul>\n        <li><strong>Preventiva:<\/strong> su objetivo es prevenir la violencia sexual en Guatemala.<\/li>\n        <li><strong>Positiva y de Empoderamiento:<\/strong> muestra la acci\u00f3n de los ciudadanos como miembros de una sociedad comprometida con comunidades libres de violencia.<\/li>\n        <li><strong>Educativa:<\/strong> visibiliza todos los delitos sexuales tipificados en el pa\u00eds, m\u00e1s all\u00e1 de la violaci\u00f3n.<\/li>\n        <li><strong>Proactiva:<\/strong> fomenta la denuncia y la participaci\u00f3n activa en la prevenci\u00f3n.<\/li>\n      <\/ul>\n    <\/div>\n\n    <!-- Imagen -->\n    <div class=\"no-mas-image\">\n      <img decoding=\"async\" src=\"https:\/\/acceso.svet.gob.gt\/wpsvet\/wp-content\/uploads\/2026\/02\/campana.png\" alt=\"Ilustraci\u00f3n tel\u00e9fono No+ Violencia Sexual\">\n    <\/div>\n  <\/div>\n<\/section>\n\t\t\t\t<\/div>\n\t\t\t\t\t<\/div>\n\t\t\t\t<\/div>\n\t\t\t\t<\/div>\n\t\t","protected":false},"excerpt":{"rendered":"<p>Principal Autoridad \u00bfQui\u00e9nes somos? \u00c1reas de Trabajo Violencia Sexual Explotaci\u00f3n Modo Digital Trata de personas Campa\u00f1as Datos Estad\u00edsticos Tablero Dinamico Flujograma 2020 Flujograma 2021 Transparencia Institucional Ley de Acceso a la Informaci\u00f3n P\u00fablica Idioma Espa\u00f1ol Idiomas Mayas Lenguaje de Se\u00f1as Informaci\u00f3n P\u00fablica de Oficio Tu Gobierno en N\u00fameros Solicitud de Informaci\u00f3n P\u00fablica Transparencia Presupuestaria 2025 [&hellip;]<\/p>\n","protected":false},"author":1,"featured_media":0,"parent":0,"menu_order":0,"comment_status":"closed","ping_status":"closed","template":"elementor_header_footer","meta":{"footnotes":""},"class_list":["post-724","page","type-page","status-publish","hentry"],"_links":{"self":[{"href":"https:\/\/acceso.svet.gob.gt\/wpsvet\/index.php\/wp-json\/wp\/v2\/pages\/724","targetHints":{"allow":["GET"]}}],"collection":[{"href":"https:\/\/acceso.svet.gob.gt\/wpsvet\/index.php\/wp-json\/wp\/v2\/pages"}],"about":[{"href":"https:\/\/acceso.svet.gob.gt\/wpsvet\/index.php\/wp-json\/wp\/v2\/types\/page"}],"author":[{"embeddable":true,"href":"https:\/\/acceso.svet.gob.gt\/wpsvet\/index.php\/wp-json\/wp\/v2\/users\/1"}],"replies":[{"embeddable":true,"href":"https:\/\/acceso.svet.gob.gt\/wpsvet\/index.php\/wp-json\/wp\/v2\/comments?post=724"}],"version-history":[{"count":7,"href":"https:\/\/acceso.svet.gob.gt\/wpsvet\/index.php\/wp-json\/wp\/v2\/pages\/724\/revisions"}],"predecessor-version":[{"id":1076,"href":"https:\/\/acceso.svet.gob.gt\/wpsvet\/index.php\/wp-json\/wp\/v2\/pages\/724\/revisions\/1076"}],"wp:attachment":[{"href":"https:\/\/acceso.svet.gob.gt\/wpsvet\/index.php\/wp-json\/wp\/v2\/media?parent=724"}],"curies":[{"name":"wp","href":"https:\/\/api.w.org\/{rel}","templated":true}]}}