{"id":965,"date":"2026-02-03T22:03:31","date_gmt":"2026-02-03T22:03:31","guid":{"rendered":"https:\/\/acceso.svet.gob.gt\/wpsvet\/?page_id=965"},"modified":"2026-02-04T17:47:32","modified_gmt":"2026-02-04T17:47:32","slug":"idioma-espanol","status":"publish","type":"page","link":"https:\/\/acceso.svet.gob.gt\/wpsvet\/index.php\/idioma-espanol\/","title":{"rendered":"idioma-espanol"},"content":{"rendered":"\t\t<div data-elementor-type=\"wp-page\" data-elementor-id=\"965\" class=\"elementor elementor-965\" data-elementor-post-type=\"page\">\n\t\t\t\t<div class=\"elementor-element elementor-element-d4c35c4 e-flex e-con-boxed e-con e-parent\" data-id=\"d4c35c4\" data-element_type=\"container\" data-e-type=\"container\">\n\t\t\t\t\t<div class=\"e-con-inner\">\n\t\t\t\t<div class=\"elementor-element elementor-element-db87612 elementor-widget elementor-widget-html\" data-id=\"db87612\" data-element_type=\"widget\" data-e-type=\"widget\" data-widget_type=\"html.default\">\n\t\t\t\t\t<input type=\"checkbox\" id=\"menu-check\" hidden>\n\n<div class=\"wp-header-responsive\">\n\n<style>\n\/* ================= RESET ================= *\/\n*{\n  box-sizing:border-box;\n}\nul, li{\n  list-style:none;\n  margin:0;\n  padding:0;\n}\n\n\/* ================= BODY ================= *\/\nbody{\n  margin:0;\n  padding-top:70px;\n  font-family:Arial, sans-serif;\n}\n\n\/* ================= HEADER ================= *\/\n.wp-header-responsive{\n  position:fixed;\n  top:0;\n  left:0;\n  width:100%;\n  z-index:10000;\n}\n\n.header-contenedor{\n  background:#273053;\n  height:70px;\n  display:flex;\n  align-items:center;\n  justify-content:space-between;\n  padding:0 20px;\n}\n\n\/* ================= LOGO ================= *\/\n.logo-contenedor{\n  background:#fff;\n  padding:6px 10px;\n  border-radius:10px;\n  box-shadow:0 2px 8px rgba(0,0,0,.15);\n  display:flex;\n  align-items:center;\n}\n.logo-header{\n  max-height:44px;\n}\n\n\/* ================= HAMBURGUESA ================= *\/\n.menu-toggle{\n  display:none;\n  cursor:pointer;\n}\n.menu-toggle span{\n  width:28px;\n  height:4px;\n  background:#fff;\n  margin:4px 0;\n  display:block;\n  border-radius:2px;\n}\n\n\/* ================= MEN\u00da ESCRITORIO ================= *\/\n.menu-escritorio{\n  display:flex;\n  gap:40px;\n  margin:0 auto;\n}\n.menu-escritorio > li{\n  position:relative;\n}\n.menu-escritorio a{\n  color:#fff;\n  text-decoration:none;\n  padding:10px 14px;\n  font-weight:600;\n  display:block;\n}\n.menu-escritorio a:hover{\n  background:rgba(255,255,255,.2);\n  border-radius:6px;\n}\n\n\/* ===== Submen\u00fa escritorio ===== *\/\n.submenu-header{\n  position:absolute;\n  top:100%;\n  left:0;\n  background:#fff;\n  min-width:240px;\n  border-radius:8px;\n  box-shadow:0 8px 16px rgba(0,0,0,.15);\n  padding:8px 0;\n  opacity:0;\n  visibility:hidden;\n  transform:translateY(8px);\n  transition:.25s ease;\n  z-index:999;\n}\n.submenu-header a{\n  color:#273053;\n  padding:10px 20px;\n}\n.submenu-header a:hover{\n  background:#f1f4fa;\n  color:#0d47a1;\n}\n.has-submenu:hover .submenu-header{\n  opacity:1;\n  visibility:visible;\n  transform:translateY(0);\n}\n\n\/* Submen\u00fa anidado *\/\n.menu-escritorio .submenu-header .has-submenu {\n  position: relative;\n}\n.menu-escritorio .submenu-header .has-submenu .submenu-header {\n  position: absolute;\n  top: 0;\n  left: 100%;\n  background: #fff;\n  min-width: 220px;\n  padding: 8px 0;\n  border-radius: 8px;\n  box-shadow: 0 8px 16px rgba(0,0,0,.15);\n  opacity: 0;\n  visibility: hidden;\n  transform: translateY(8px);\n  transition: .25s ease;\n  z-index: 9999;\n}\n.menu-escritorio .submenu-header .has-submenu:hover .submenu-header {\n  opacity: 1;\n  visibility: visible;\n  transform: translateY(0);\n}\n\n\/* ================= MEN\u00da M\u00d3VIL ================= *\/\n#menu-mobile{\n  display:none;\n}\n\n@media(max-width:768px){\n  .menu-toggle{\n    display:flex;\n    flex-direction:column;\n  }\n  .menu-escritorio{\n    display:none;\n  }\n  #menu-mobile{\n    display:block;\n    position:fixed;\n    top:0;\n    left:0;\n    width:320px;\n    height:100vh;\n    background:#273053;\n    padding-top:80px;\n    transform:translateX(-100%);\n    transition:transform .4s ease;\n    overflow-y:auto;\n    z-index:9999;\n  }\n  #menu-check:checked ~ .wp-header-responsive #menu-mobile{\n    transform:translateX(0);\n  }\n  .mobile-nav a{\n    display:block;\n    padding:16px 20px;\n    color:#fff;\n    text-decoration:none;\n    font-weight:600;\n  }\n  .submenu{\n    background:#2f3753;\n    max-height:0;\n    overflow:hidden;\n    transition:max-height .4s ease;\n  }\n  .submenu a{\n    padding:12px 30px;\n    color:#e0e0e0;\n    font-weight:normal;\n  }\n  .submenu a:hover{\n    background:#3c4567;\n  }\n  .has-submenu.open .submenu{\n    max-height:1000px;\n  }\n  .arrow{\n    float:right;\n    transition:transform .3s;\n  }\n  .has-submenu.open .arrow{\n    transform:rotate(90deg);\n  }\n  .submenu-explotacion {\n    background:#2f3753;\n    max-height:0;\n    overflow:hidden;\n    transition:max-height .4s ease;\n  }\n  .has-submenu.open .submenu-explotacion{\n    max-height:300px;\n  }\n}\n<\/style>\n\n<div class=\"header-contenedor\">\n  <label for=\"menu-check\" class=\"menu-toggle\">\n    <span><\/span>\n    <span><\/span>\n    <span><\/span>\n  <\/label>\n  <ul class=\"menu-escritorio\">\n    <li class=\"has-submenu\">\n      <a href=\"https:\/\/acceso.svet.gob.gt\/wpsvet\/index.php\/inicio\/\">Principal<\/a>\n      <ul class=\"submenu-header\">\n        <li><a href=\"https:\/\/acceso.svet.gob.gt\/wpsvet\/index.php\/autoridad\/\">Autoridad<\/a><\/li>\n        <li><a href=\"https:\/\/acceso.svet.gob.gt\/wpsvet\/index.php\/quienes-somos\/\">\u00bfQui\u00e9nes somos?<\/a><\/li>\n      <\/ul>\n    <\/li>\n    <li class=\"has-submenu\">\n      <a href=\"#\">\u00c1reas de Trabajo<\/a>\n      <ul class=\"submenu-header\">\n        <li><a href=\"https:\/\/acceso.svet.gob.gt\/wpsvet\/index.php\/violencia-sexual\/\">Violencia Sexual<\/a><\/li>\n        <li class=\"has-submenu\">\n          <a href=\"https:\/\/acceso.svet.gob.gt\/wpsvet\/index.php\/explotacion-2\/\">Explotaci\u00f3n<\/a>\n          <ul class=\"submenu-header\">\n            <li><a href=\"https:\/\/acceso.svet.gob.gt\/wpsvet\/index.php\/modo-digital\/\">Modo Digital<\/a><\/li>\n          <\/ul>\n        <\/li>\n        <li><a href=\"https:\/\/acceso.svet.gob.gt\/wpsvet\/index.php\/trata-de-personas-2\/\">Trata de personas<\/a><\/li>\n        <li><a href=\"https:\/\/acceso.svet.gob.gt\/wpsvet\/index.php\/campanas\/\">Campa\u00f1as<\/a><\/li>\n      <\/ul>\n    <\/li>\n    <li class=\"has-submenu\">\n      <a href=\"#\">Datos Estad\u00edsticos<\/a>\n      <ul class=\"submenu-header\">\n        <li><a href=\"https:\/\/acceso.svet.gob.gt\/wpsvet\/index.php\/tablero-dinamico\/\">Tablero Dinamico<\/a><\/li>\n        <li><a href=\"https:\/\/acceso.svet.gob.gt\/wpsvet\/index.php\/flujograma-2020\/\">Flujograma 2020<\/a><\/li>\n        <li><a href=\"https:\/\/acceso.svet.gob.gt\/wpsvet\/index.php\/flujograma-2021\/\">Flujograma 2021<\/a><\/li>\n      <\/ul>\n    <\/li>\n    <li class=\"has-submenu\">\n      <a href=\"#\">Transparencia Institucional<\/a>\n      <ul class=\"submenu-header\">\n        <li class=\"has-submenu\">\n          <a href=\"\/transparencia\">Ley de Acceso a la Informaci\u00f3n P\u00fablica<\/a>\n          <ul class=\"submenu-header\">\n            <li><a href=\"#\">Idioma Espa\u00f1ol<\/a><\/li>\n            <li><a href=\"#\">Idiomas Mayas<\/a><\/li>\n            <li><a href=\"#\">Lenguaje de Se\u00f1as<\/a><\/li>\n          <\/ul>\n        <\/li>\n        <li><a href=\"\/documentos\">Informaci\u00f3n P\u00fablica de Oficio<\/a><\/li>\n        <li><a href=\"\/normativas\">Tu Gobierno en N\u00fameros<\/a><\/li>\n        <li><a href=\"\/normativas\">Solicitud de Informaci\u00f3n P\u00fablica<\/a><\/li>\n        <li><a href=\"\/normativas\">Transparencia Presupuestaria 2025<\/a><\/li>\n        <li><a href=\"\/normativas\">Transparencia Activa 2025<\/a><\/li>\n        <li><a href=\"\/normativas\">LA COVES<\/a><\/li>\n        <li><a href=\"\/normativas\">Plan de Simplificaci\u00f3n de Tr\u00e1mites<\/a><\/li>\n      <\/ul>\n    <\/li>\n  <\/ul>\n  <div class=\"logo-contenedor\">\n    <img decoding=\"async\" src=\"https:\/\/acceso.svet.gob.gt\/wpsvet\/wp-content\/uploads\/2025\/08\/logo.png\" class=\"logo-header\" alt=\"SVET\">\n  <\/div>\n<\/div>\n\n<nav id=\"menu-mobile\" class=\"mobile-nav\">\n  <ul>\n    <li class=\"has-submenu\">\n      <a href=\"https:\/\/acceso.svet.gob.gt\/wpsvet\/index.php\/inicio\/\">Principal <span class=\"arrow\">\u25b6<\/span><\/a>\n      <div class=\"submenu\">\n        <a href=\"https:\/\/acceso.svet.gob.gt\/wpsvet\/index.php\/autoridad\/\">Autoridad<\/a>\n        <a href=\"https:\/\/acceso.svet.gob.gt\/wpsvet\/index.php\/quienes-somos\/\">\u00bfQui\u00e9nes somos?<\/a>\n      <\/div>\n    <\/li>\n    <li class=\"has-submenu\">\n      <a href=\"#\">\u00c1reas de Trabajo <span class=\"arrow\">\u25b6<\/span><\/a>\n      <div class=\"submenu\">\n        <a href=\"https:\/\/acceso.svet.gob.gt\/wpsvet\/index.php\/violencia-sexual\/\">Violencia Sexual<\/a>\n        <div class=\"has-submenu\">\n          <a href=\"#\">Explotaci\u00f3n <span class=\"arrow\">\u25b6<\/span><\/a>\n          <div class=\"submenu-explotacion\">\n            <a href=\"https:\/\/mododigital.net.gt\/\">Modo Digital<\/a>\n          <\/div>\n        <\/div>\n        <a href=\"https:\/\/acceso.svet.gob.gt\/wpsvet\/index.php\/trata-de-personas-2\/\">Trata de personas<\/a>\n        <a href=\"https:\/\/acceso.svet.gob.gt\/wpsvet\/index.php\/campanas\/\">Campa\u00f1as<\/a>\n      <\/div>\n    <\/li>\n    <li class=\"has-submenu\">\n      <a href=\"#\">Datos Estad\u00edsticos <span class=\"arrow\">\u25b6<\/span><\/a>\n      <div class=\"submenu\">\n        <a href=\"https:\/\/acceso.svet.gob.gt\/wpsvet\/index.php\/tablero-dinamico\/\">Tablero Dinamico<\/a>\n        <a href=\"https:\/\/acceso.svet.gob.gt\/wpsvet\/index.php\/flujograma-2020\/\">Flujograma 2020<\/a>\n        <a href=\"https:\/\/acceso.svet.gob.gt\/wpsvet\/index.php\/flujograma-2021\/\">Flujograma 2021<\/a>\n      <\/div>\n    <\/li>\n    <li class=\"has-submenu\">\n      <a href=\"#\">Transparencia Institucional <span class=\"arrow\">\u25b6<\/span><\/a>\n      <div class=\"submenu\">\n        <a href=\"\/transparencia\">Ley de Acceso a la Informaci\u00f3n P\u00fablica<\/a>\n        <a href=\"#\">Idioma Espa\u00f1ol<\/a>\n        <a href=\"#\">Idiomas Mayas<\/a>\n        <a href=\"#\">Lenguaje de Se\u00f1as<\/a>\n        <a href=\"\/documentos\">Informaci\u00f3n P\u00fablica de Oficio<\/a>\n        <a href=\"\/normativas\">Tu Gobierno en N\u00fameros<\/a>\n        <a href=\"\/normativas\">Solicitud de Informaci\u00f3n P\u00fablica<\/a>\n        <a href=\"\/normativas\">Transparencia Presupuestaria 2025<\/a>\n        <a href=\"\/normativas\">Transparencia Activa 2025<\/a>\n        <a href=\"\/normativas\">LA COVES<\/a>\n        <a href=\"\/normativas\">Plan de Simplificaci\u00f3n de Tr\u00e1mites<\/a>\n      <\/div>\n    <\/li>\n  <\/ul>\n<\/nav>\n\n<\/div>\n\n<script>\ndocument.addEventListener(\"DOMContentLoaded\", function(){\n  document.querySelectorAll(\".has-submenu > a\").forEach(link => {\n    link.addEventListener(\"click\", function(e){\n      if(window.innerWidth <= 768){\n        e.preventDefault();\n        this.parentElement.classList.toggle(\"open\");\n      }\n    });\n  });\n});\n<\/script>\t\t\t\t<\/div>\n\t\t\t\t\t<\/div>\n\t\t\t\t<\/div>\n\t\t<div class=\"elementor-element elementor-element-58b1f37 e-flex e-con-boxed e-con e-parent\" data-id=\"58b1f37\" data-element_type=\"container\" data-e-type=\"container\">\n\t\t\t\t\t<div class=\"e-con-inner\">\n\t\t\t\t<div class=\"elementor-element elementor-element-44712b8 elementor-widget elementor-widget-spacer\" data-id=\"44712b8\" data-element_type=\"widget\" data-e-type=\"widget\" data-widget_type=\"spacer.default\">\n\t\t\t\t\t\t\t<div class=\"elementor-spacer\">\n\t\t\t<div class=\"elementor-spacer-inner\"><\/div>\n\t\t<\/div>\n\t\t\t\t\t\t<\/div>\n\t\t\t\t\t<\/div>\n\t\t\t\t<\/div>\n\t\t<div class=\"elementor-element elementor-element-1fff42e e-flex e-con-boxed e-con e-parent\" data-id=\"1fff42e\" data-element_type=\"container\" data-e-type=\"container\">\n\t\t\t\t\t<div class=\"e-con-inner\">\n\t\t\t\t<div class=\"elementor-element elementor-element-3e55c1d elementor-widget elementor-widget-html\" data-id=\"3e55c1d\" data-element_type=\"widget\" data-e-type=\"widget\" data-widget_type=\"html.default\">\n\t\t\t\t\t<style>\n\/* ===== CONTENEDOR GENERAL ===== *\/\n.svet-docs {\n  max-width: 900px;\n  margin: 40px auto;\n  font-family: Arial, sans-serif;\n}\n\n\/* ===== FILA DE DOCUMENTO ===== *\/\n.svet-doc {\n  display: flex;\n  justify-content: space-between;\n  align-items: center;\n  padding: 18px 20px;\n  border-bottom: 1px solid #e5e5e5;\n  transition: background 0.2s ease;\n}\n\n.svet-doc:hover {\n  background: #f5f8fc;\n}\n\n\/* ===== TEXTO ===== *\/\n.svet-doc-title {\n  font-size: 18px;\n  color: #273053;\n  font-weight: 500;\n}\n\n\/* ===== ICONOS ===== *\/\n.svet-doc-icons {\n  display: flex;\n  gap: 14px;\n}\n\n.svet-doc-icons a {\n  display: inline-flex;\n  align-items: center;\n  justify-content: center;\n  width: 42px;\n  height: 42px;\n  border-radius: 6px;\n  background: #eef2f8;\n  transition: all 0.2s ease;\n}\n\n.svet-doc-icons a:hover {\n  background: #273053;\n  transform: scale(1.05);\n}\n\n.svet-doc-icons img {\n  width: 26px;\n  height: auto;\n}\n\n\/* ===== RESPONSIVO ===== *\/\n@media (max-width: 600px) {\n  .svet-doc {\n    flex-direction: column;\n    align-items: flex-start;\n    gap: 12px;\n  }\n\n  .svet-doc-icons {\n    align-self: flex-end;\n  }\n}\n<\/style>\n\n<div class=\"svet-docs\">\n\n  <div class=\"svet-doc\">\n    <div class=\"svet-doc-title\">\n      Versi\u00f3n Diario Oficial\n    <\/div>\n    <div class=\"svet-doc-icons\">\n      <a href=\"https:\/\/acceso.svet.gob.gt\/wpsvet\/wp-content\/uploads\/2026\/02\/decreto_5708.pdf\" target=\"_blank\" aria-label=\"Abrir PDF\">\n        <img decoding=\"async\" src=\"https:\/\/cdn-icons-png.flaticon.com\/512\/337\/337946.png\" alt=\"PDF\">\n      <\/a>\n    <\/div>\n  <\/div>\n\n  <div class=\"svet-doc\">\n    <div class=\"svet-doc-title\">\n      Ley de Acceso a la Informaci\u00f3n P\u00fablica\n    <\/div>\n    <div class=\"svet-doc-icons\">\n      <a href=\"https:\/\/acceso.svet.gob.gt\/wpsvet\/wp-content\/uploads\/2026\/02\/DECRETO-57-2008-LEY-DE-ACCESO-A-LA-INFORMACION-PUBLICA.pdf\" target=\"_blank\" aria-label=\"Abrir PDF\">\n        <img decoding=\"async\" src=\"https:\/\/cdn-icons-png.flaticon.com\/512\/337\/337946.png\" alt=\"PDF\">\n      <\/a>\n      <a href=\"https:\/\/acceso.svet.gob.gt\/wpsvet\/wp-content\/uploads\/2026\/02\/Decreto-57-2008.docx\" target=\"_blank\" aria-label=\"Abrir Word\">\n        <img decoding=\"async\" src=\"https:\/\/cdn-icons-png.flaticon.com\/512\/888\/888883.png\" alt=\"Word\">\n      <\/a>\n    <\/div>\n  <\/div>\n\n<\/div>\t\t\t\t<\/div>\n\t\t\t\t\t<\/div>\n\t\t\t\t<\/div>\n\t\t\t\t<\/div>\n\t\t","protected":false},"excerpt":{"rendered":"<p>Principal Autoridad \u00bfQui\u00e9nes somos? \u00c1reas de Trabajo Violencia Sexual Explotaci\u00f3n Modo Digital Trata de personas Campa\u00f1as Datos Estad\u00edsticos Tablero Dinamico Flujograma 2020 Flujograma 2021 Transparencia Institucional Ley de Acceso a la Informaci\u00f3n P\u00fablica Idioma Espa\u00f1ol Idiomas Mayas Lenguaje de Se\u00f1as Informaci\u00f3n P\u00fablica de Oficio Tu Gobierno en N\u00fameros Solicitud de Informaci\u00f3n P\u00fablica Transparencia Presupuestaria 2025 [&hellip;]<\/p>\n","protected":false},"author":1,"featured_media":0,"parent":0,"menu_order":0,"comment_status":"closed","ping_status":"closed","template":"elementor_header_footer","meta":{"footnotes":""},"class_list":["post-965","page","type-page","status-publish","hentry"],"_links":{"self":[{"href":"https:\/\/acceso.svet.gob.gt\/wpsvet\/index.php\/wp-json\/wp\/v2\/pages\/965","targetHints":{"allow":["GET"]}}],"collection":[{"href":"https:\/\/acceso.svet.gob.gt\/wpsvet\/index.php\/wp-json\/wp\/v2\/pages"}],"about":[{"href":"https:\/\/acceso.svet.gob.gt\/wpsvet\/index.php\/wp-json\/wp\/v2\/types\/page"}],"author":[{"embeddable":true,"href":"https:\/\/acceso.svet.gob.gt\/wpsvet\/index.php\/wp-json\/wp\/v2\/users\/1"}],"replies":[{"embeddable":true,"href":"https:\/\/acceso.svet.gob.gt\/wpsvet\/index.php\/wp-json\/wp\/v2\/comments?post=965"}],"version-history":[{"count":4,"href":"https:\/\/acceso.svet.gob.gt\/wpsvet\/index.php\/wp-json\/wp\/v2\/pages\/965\/revisions"}],"predecessor-version":[{"id":993,"href":"https:\/\/acceso.svet.gob.gt\/wpsvet\/index.php\/wp-json\/wp\/v2\/pages\/965\/revisions\/993"}],"wp:attachment":[{"href":"https:\/\/acceso.svet.gob.gt\/wpsvet\/index.php\/wp-json\/wp\/v2\/media?parent=965"}],"curies":[{"name":"wp","href":"https:\/\/api.w.org\/{rel}","templated":true}]}}