{"id":997,"date":"2026-02-04T17:52:19","date_gmt":"2026-02-04T17:52:19","guid":{"rendered":"https:\/\/acceso.svet.gob.gt\/wpsvet\/?page_id=997"},"modified":"2026-02-04T17:54:47","modified_gmt":"2026-02-04T17:54:47","slug":"idiomas-mayas","status":"publish","type":"page","link":"https:\/\/acceso.svet.gob.gt\/wpsvet\/index.php\/idiomas-mayas\/","title":{"rendered":"idiomas mayas"},"content":{"rendered":"\t\t<div data-elementor-type=\"wp-page\" data-elementor-id=\"997\" class=\"elementor elementor-997\" data-elementor-post-type=\"page\">\n\t\t\t\t<div class=\"elementor-element elementor-element-693793c e-flex e-con-boxed e-con e-parent\" data-id=\"693793c\" data-element_type=\"container\" data-e-type=\"container\">\n\t\t\t\t\t<div class=\"e-con-inner\">\n\t\t\t\t<div class=\"elementor-element elementor-element-728c1cd elementor-widget elementor-widget-html\" data-id=\"728c1cd\" data-element_type=\"widget\" data-e-type=\"widget\" data-widget_type=\"html.default\">\n\t\t\t\t\t<input type=\"checkbox\" id=\"menu-check\" hidden>\n\n<div class=\"wp-header-responsive\">\n\n<style>\n\/* ================= RESET ================= *\/\n*{\n  box-sizing:border-box;\n}\nul, li{\n  list-style:none;\n  margin:0;\n  padding:0;\n}\n\n\/* ================= BODY ================= *\/\nbody{\n  margin:0;\n  padding-top:70px;\n  font-family:Arial, sans-serif;\n}\n\n\/* ================= HEADER ================= *\/\n.wp-header-responsive{\n  position:fixed;\n  top:0;\n  left:0;\n  width:100%;\n  z-index:10000;\n}\n\n.header-contenedor{\n  background:#273053;\n  height:70px;\n  display:flex;\n  align-items:center;\n  justify-content:space-between;\n  padding:0 20px;\n}\n\n\/* ================= LOGO ================= *\/\n.logo-contenedor{\n  background:#fff;\n  padding:6px 10px;\n  border-radius:10px;\n  box-shadow:0 2px 8px rgba(0,0,0,.15);\n  display:flex;\n  align-items:center;\n}\n.logo-header{\n  max-height:44px;\n}\n\n\/* ================= HAMBURGUESA ================= *\/\n.menu-toggle{\n  display:none;\n  cursor:pointer;\n}\n.menu-toggle span{\n  width:28px;\n  height:4px;\n  background:#fff;\n  margin:4px 0;\n  display:block;\n  border-radius:2px;\n}\n\n\/* ================= MEN\u00da ESCRITORIO ================= *\/\n.menu-escritorio{\n  display:flex;\n  gap:40px;\n  margin:0 auto;\n}\n.menu-escritorio > li{\n  position:relative;\n}\n.menu-escritorio a{\n  color:#fff;\n  text-decoration:none;\n  padding:10px 14px;\n  font-weight:600;\n  display:block;\n}\n.menu-escritorio a:hover{\n  background:rgba(255,255,255,.2);\n  border-radius:6px;\n}\n\n\/* ===== Submen\u00fa escritorio ===== *\/\n.submenu-header{\n  position:absolute;\n  top:100%;\n  left:0;\n  background:#fff;\n  min-width:240px;\n  border-radius:8px;\n  box-shadow:0 8px 16px rgba(0,0,0,.15);\n  padding:8px 0;\n  opacity:0;\n  visibility:hidden;\n  transform:translateY(8px);\n  transition:.25s ease;\n  z-index:999;\n}\n.submenu-header a{\n  color:#273053;\n  padding:10px 20px;\n}\n.submenu-header a:hover{\n  background:#f1f4fa;\n  color:#0d47a1;\n}\n.has-submenu:hover .submenu-header{\n  opacity:1;\n  visibility:visible;\n  transform:translateY(0);\n}\n\n\/* Submen\u00fa anidado *\/\n.menu-escritorio .submenu-header .has-submenu {\n  position: relative;\n}\n.menu-escritorio .submenu-header .has-submenu .submenu-header {\n  position: absolute;\n  top: 0;\n  left: 100%;\n  background: #fff;\n  min-width: 220px;\n  padding: 8px 0;\n  border-radius: 8px;\n  box-shadow: 0 8px 16px rgba(0,0,0,.15);\n  opacity: 0;\n  visibility: hidden;\n  transform: translateY(8px);\n  transition: .25s ease;\n  z-index: 9999;\n}\n.menu-escritorio .submenu-header .has-submenu:hover .submenu-header {\n  opacity: 1;\n  visibility: visible;\n  transform: translateY(0);\n}\n\n\/* ================= MEN\u00da M\u00d3VIL ================= *\/\n#menu-mobile{\n  display:none;\n}\n\n@media(max-width:768px){\n  .menu-toggle{\n    display:flex;\n    flex-direction:column;\n  }\n  .menu-escritorio{\n    display:none;\n  }\n  #menu-mobile{\n    display:block;\n    position:fixed;\n    top:0;\n    left:0;\n    width:320px;\n    height:100vh;\n    background:#273053;\n    padding-top:80px;\n    transform:translateX(-100%);\n    transition:transform .4s ease;\n    overflow-y:auto;\n    z-index:9999;\n  }\n  #menu-check:checked ~ .wp-header-responsive #menu-mobile{\n    transform:translateX(0);\n  }\n  .mobile-nav a{\n    display:block;\n    padding:16px 20px;\n    color:#fff;\n    text-decoration:none;\n    font-weight:600;\n  }\n  .submenu{\n    background:#2f3753;\n    max-height:0;\n    overflow:hidden;\n    transition:max-height .4s ease;\n  }\n  .submenu a{\n    padding:12px 30px;\n    color:#e0e0e0;\n    font-weight:normal;\n  }\n  .submenu a:hover{\n    background:#3c4567;\n  }\n  .has-submenu.open .submenu{\n    max-height:1000px;\n  }\n  .arrow{\n    float:right;\n    transition:transform .3s;\n  }\n  .has-submenu.open .arrow{\n    transform:rotate(90deg);\n  }\n  .submenu-explotacion {\n    background:#2f3753;\n    max-height:0;\n    overflow:hidden;\n    transition:max-height .4s ease;\n  }\n  .has-submenu.open .submenu-explotacion{\n    max-height:300px;\n  }\n}\n<\/style>\n\n<div class=\"header-contenedor\">\n  <label for=\"menu-check\" class=\"menu-toggle\">\n    <span><\/span>\n    <span><\/span>\n    <span><\/span>\n  <\/label>\n  <ul class=\"menu-escritorio\">\n    <li class=\"has-submenu\">\n      <a href=\"https:\/\/acceso.svet.gob.gt\/wpsvet\/index.php\/inicio\/\">Principal<\/a>\n      <ul class=\"submenu-header\">\n        <li><a href=\"https:\/\/acceso.svet.gob.gt\/wpsvet\/index.php\/autoridad\/\">Autoridad<\/a><\/li>\n        <li><a href=\"https:\/\/acceso.svet.gob.gt\/wpsvet\/index.php\/quienes-somos\/\">\u00bfQui\u00e9nes somos?<\/a><\/li>\n      <\/ul>\n    <\/li>\n    <li class=\"has-submenu\">\n      <a href=\"#\">\u00c1reas de Trabajo<\/a>\n      <ul class=\"submenu-header\">\n        <li><a href=\"https:\/\/acceso.svet.gob.gt\/wpsvet\/index.php\/violencia-sexual\/\">Violencia Sexual<\/a><\/li>\n        <li class=\"has-submenu\">\n          <a href=\"https:\/\/acceso.svet.gob.gt\/wpsvet\/index.php\/explotacion-2\/\">Explotaci\u00f3n<\/a>\n          <ul class=\"submenu-header\">\n            <li><a href=\"https:\/\/acceso.svet.gob.gt\/wpsvet\/index.php\/modo-digital\/\">Modo Digital<\/a><\/li>\n          <\/ul>\n        <\/li>\n        <li><a href=\"https:\/\/acceso.svet.gob.gt\/wpsvet\/index.php\/trata-de-personas-2\/\">Trata de personas<\/a><\/li>\n        <li><a href=\"https:\/\/acceso.svet.gob.gt\/wpsvet\/index.php\/campanas\/\">Campa\u00f1as<\/a><\/li>\n      <\/ul>\n    <\/li>\n    <li class=\"has-submenu\">\n      <a href=\"#\">Datos Estad\u00edsticos<\/a>\n      <ul class=\"submenu-header\">\n        <li><a href=\"https:\/\/acceso.svet.gob.gt\/wpsvet\/index.php\/tablero-dinamico\/\">Tablero Dinamico<\/a><\/li>\n        <li><a href=\"https:\/\/acceso.svet.gob.gt\/wpsvet\/index.php\/flujograma-2020\/\">Flujograma 2020<\/a><\/li>\n        <li><a href=\"https:\/\/acceso.svet.gob.gt\/wpsvet\/index.php\/flujograma-2021\/\">Flujograma 2021<\/a><\/li>\n      <\/ul>\n    <\/li>\n    <li class=\"has-submenu\">\n      <a href=\"#\">Transparencia Institucional<\/a>\n      <ul class=\"submenu-header\">\n        <li class=\"has-submenu\">\n          <a href=\"\/transparencia\">Ley de Acceso a la Informaci\u00f3n P\u00fablica<\/a>\n          <ul class=\"submenu-header\">\n            <li><a href=\"https:\/\/acceso.svet.gob.gt\/wpsvet\/index.php\/idioma-espanol\/\">Idioma Espa\u00f1ol<\/a><\/li>\n            <li><a href=\"#\">Idiomas Mayas<\/a><\/li>\n            <li><a href=\"#\">Lenguaje de Se\u00f1as<\/a><\/li>\n          <\/ul>\n        <\/li>\n        <li><a href=\"\/documentos\">Informaci\u00f3n P\u00fablica de Oficio<\/a><\/li>\n        <li><a href=\"\/normativas\">Tu Gobierno en N\u00fameros<\/a><\/li>\n        <li><a href=\"\/normativas\">Solicitud de Informaci\u00f3n P\u00fablica<\/a><\/li>\n        <li><a href=\"\/normativas\">Transparencia Presupuestaria 2025<\/a><\/li>\n        <li><a href=\"\/normativas\">Transparencia Activa 2025<\/a><\/li>\n        <li><a href=\"\/normativas\">LA COVES<\/a><\/li>\n        <li><a href=\"\/normativas\">Plan de Simplificaci\u00f3n de Tr\u00e1mites<\/a><\/li>\n      <\/ul>\n    <\/li>\n  <\/ul>\n  <div class=\"logo-contenedor\">\n    <img decoding=\"async\" src=\"https:\/\/acceso.svet.gob.gt\/wpsvet\/wp-content\/uploads\/2025\/08\/logo.png\" class=\"logo-header\" alt=\"SVET\">\n  <\/div>\n<\/div>\n\n<nav id=\"menu-mobile\" class=\"mobile-nav\">\n  <ul>\n    <li class=\"has-submenu\">\n      <a href=\"https:\/\/acceso.svet.gob.gt\/wpsvet\/index.php\/inicio\/\">Principal <span class=\"arrow\">\u25b6<\/span><\/a>\n      <div class=\"submenu\">\n        <a href=\"https:\/\/acceso.svet.gob.gt\/wpsvet\/index.php\/autoridad\/\">Autoridad<\/a>\n        <a href=\"https:\/\/acceso.svet.gob.gt\/wpsvet\/index.php\/quienes-somos\/\">\u00bfQui\u00e9nes somos?<\/a>\n      <\/div>\n    <\/li>\n    <li class=\"has-submenu\">\n      <a href=\"#\">\u00c1reas de Trabajo <span class=\"arrow\">\u25b6<\/span><\/a>\n      <div class=\"submenu\">\n        <a href=\"https:\/\/acceso.svet.gob.gt\/wpsvet\/index.php\/violencia-sexual\/\">Violencia Sexual<\/a>\n        <div class=\"has-submenu\">\n          <a href=\"#\">Explotaci\u00f3n <span class=\"arrow\">\u25b6<\/span><\/a>\n          <div class=\"submenu-explotacion\">\n            <a href=\"https:\/\/acceso.svet.gob.gt\/wpsvet\/index.php\/modo-digital\/\">Modo Digital<\/a>\n          <\/div>\n        <\/div>\n        <a href=\"https:\/\/acceso.svet.gob.gt\/wpsvet\/index.php\/trata-de-personas-2\/\">Trata de personas<\/a>\n        <a href=\"https:\/\/acceso.svet.gob.gt\/wpsvet\/index.php\/campanas\/\">Campa\u00f1as<\/a>\n      <\/div>\n    <\/li>\n    <li class=\"has-submenu\">\n      <a href=\"#\">Datos Estad\u00edsticos <span class=\"arrow\">\u25b6<\/span><\/a>\n      <div class=\"submenu\">\n        <a href=\"https:\/\/acceso.svet.gob.gt\/wpsvet\/index.php\/tablero-dinamico\/\">Tablero Dinamico<\/a>\n        <a href=\"https:\/\/acceso.svet.gob.gt\/wpsvet\/index.php\/flujograma-2020\/\">Flujograma 2020<\/a>\n        <a href=\"https:\/\/acceso.svet.gob.gt\/wpsvet\/index.php\/flujograma-2021\/\">Flujograma 2021<\/a>\n      <\/div>\n    <\/li>\n    <li class=\"has-submenu\">\n      <a href=\"#\">Transparencia Institucional <span class=\"arrow\">\u25b6<\/span><\/a>\n      <div class=\"submenu\">\n        <a href=\"\/transparencia\">Ley de Acceso a la Informaci\u00f3n P\u00fablica<\/a>\n        <a href=\"https:\/\/acceso.svet.gob.gt\/wpsvet\/index.php\/idioma-espanol\/\">Idioma Espa\u00f1ol<\/a>\n        <a href=\"#\">Idiomas Mayas<\/a>\n        <a href=\"#\">Lenguaje de Se\u00f1as<\/a>\n        <a href=\"\/documentos\">Informaci\u00f3n P\u00fablica de Oficio<\/a>\n        <a href=\"\/normativas\">Tu Gobierno en N\u00fameros<\/a>\n        <a href=\"\/normativas\">Solicitud de Informaci\u00f3n P\u00fablica<\/a>\n        <a href=\"\/normativas\">Transparencia Presupuestaria 2025<\/a>\n        <a href=\"\/normativas\">Transparencia Activa 2025<\/a>\n        <a href=\"\/normativas\">LA COVES<\/a>\n        <a href=\"\/normativas\">Plan de Simplificaci\u00f3n de Tr\u00e1mites<\/a>\n      <\/div>\n    <\/li>\n  <\/ul>\n<\/nav>\n\n<\/div>\n\n<script>\ndocument.addEventListener(\"DOMContentLoaded\", function(){\n  document.querySelectorAll(\".has-submenu > a\").forEach(link => {\n    link.addEventListener(\"click\", function(e){\n      if(window.innerWidth <= 768){\n        e.preventDefault();\n        this.parentElement.classList.toggle(\"open\");\n      }\n    });\n  });\n});\n<\/script>\t\t\t\t<\/div>\n\t\t\t\t\t<\/div>\n\t\t\t\t<\/div>\n\t\t<div class=\"elementor-element elementor-element-e248259 e-flex e-con-boxed e-con e-parent\" data-id=\"e248259\" data-element_type=\"container\" data-e-type=\"container\">\n\t\t\t\t\t<div class=\"e-con-inner\">\n\t\t\t\t<div class=\"elementor-element elementor-element-6b2eb0d elementor-widget elementor-widget-spacer\" data-id=\"6b2eb0d\" data-element_type=\"widget\" data-e-type=\"widget\" data-widget_type=\"spacer.default\">\n\t\t\t\t\t\t\t<div class=\"elementor-spacer\">\n\t\t\t<div class=\"elementor-spacer-inner\"><\/div>\n\t\t<\/div>\n\t\t\t\t\t\t<\/div>\n\t\t\t\t\t<\/div>\n\t\t\t\t<\/div>\n\t\t<div class=\"elementor-element elementor-element-f55ab7c e-flex e-con-boxed e-con e-parent\" data-id=\"f55ab7c\" data-element_type=\"container\" data-e-type=\"container\">\n\t\t\t\t\t<div class=\"e-con-inner\">\n\t\t\t\t<div class=\"elementor-element elementor-element-b5b6744 elementor-widget elementor-widget-html\" data-id=\"b5b6744\" data-element_type=\"widget\" data-e-type=\"widget\" data-widget_type=\"html.default\">\n\t\t\t\t\t<!DOCTYPE html>\n<html lang=\"es\">\n<head>\n    <meta charset=\"UTF-8\">\n    <meta name=\"viewport\" content=\"width=device-width, initial-scale=1.0\">\n    <title>P\u00e1gina en Construcci\u00f3n<\/title>\n    <style>\n        body {\n            font-family: 'Segoe UI', Tahoma, Geneva, Verdana, sans-serif;\n            display: flex;\n            justify-content: center;\n            align-items: center;\n            min-height: 100vh;\n            margin: 0;\n            background-color: #f0f2f5; \/* Un fondo suave *\/\n            color: #333;\n            text-align: center;\n            flex-direction: column;\n        }\n        .container {\n            background-color: #fff;\n            padding: 40px 60px;\n            border-radius: 12px;\n            box-shadow: 0 8px 20px rgba(0, 0, 0, 0.1);\n            max-width: 600px;\n            width: 90%;\n            display: flex;\n            flex-direction: column;\n            align-items: center;\n            gap: 30px;\n        }\n        h1 {\n            color: #2c3e50;\n            font-size: 2.8em;\n            margin-bottom: 15px;\n            letter-spacing: 1px;\n        }\n        p {\n            font-size: 1.2em;\n            line-height: 1.6;\n            color: #555;\n        }\n        .construction-image {\n            width: 100%; \/* Ajusta el ancho al contenedor *\/\n            max-width: 400px; \/* Tama\u00f1o m\u00e1ximo para la imagen *\/\n            height: auto;\n            border-radius: 8px;\n            box-shadow: 0 4px 10px rgba(0, 0, 0, 0.08);\n            margin-top: 20px;\n        }\n        .footer-text {\n            margin-top: 40px;\n            font-size: 0.9em;\n            color: #777;\n        }\n\n        \/* Responsive adjustments *\/\n        @media (max-width: 768px) {\n            h1 {\n                font-size: 2em;\n            }\n            p {\n                font-size: 1em;\n            }\n            .container {\n                padding: 30px;\n            }\n        }\n    <\/style>\n<\/head>\n<body>\n    <div class=\"container\">\n        <h1>\u00a1P\u00e1gina en Construcci\u00f3n!<\/h1>\n        <p>Estamos trabajando arduamente para traerte algo incre\u00edble. \u00a1Pronto estaremos listos!<\/p>\n       \n        <p>Gracias por tu paciencia.<\/p>\n    <\/div>\n    <div class=\"footer-text\">\n        &copy; SVET\n    <\/div>\n<\/body>\n<\/html>\t\t\t\t<\/div>\n\t\t\t\t\t<\/div>\n\t\t\t\t<\/div>\n\t\t\t\t<\/div>\n\t\t","protected":false},"excerpt":{"rendered":"<p>Principal Autoridad \u00bfQui\u00e9nes somos? \u00c1reas de Trabajo Violencia Sexual Explotaci\u00f3n Modo Digital Trata de personas Campa\u00f1as Datos Estad\u00edsticos Tablero Dinamico Flujograma 2020 Flujograma 2021 Transparencia Institucional Ley de Acceso a la Informaci\u00f3n P\u00fablica Idioma Espa\u00f1ol Idiomas Mayas Lenguaje de Se\u00f1as Informaci\u00f3n P\u00fablica de Oficio Tu Gobierno en N\u00fameros Solicitud de Informaci\u00f3n P\u00fablica Transparencia Presupuestaria 2025 [&hellip;]<\/p>\n","protected":false},"author":1,"featured_media":0,"parent":0,"menu_order":0,"comment_status":"closed","ping_status":"closed","template":"elementor_header_footer","meta":{"footnotes":""},"class_list":["post-997","page","type-page","status-publish","hentry"],"_links":{"self":[{"href":"https:\/\/acceso.svet.gob.gt\/wpsvet\/index.php\/wp-json\/wp\/v2\/pages\/997","targetHints":{"allow":["GET"]}}],"collection":[{"href":"https:\/\/acceso.svet.gob.gt\/wpsvet\/index.php\/wp-json\/wp\/v2\/pages"}],"about":[{"href":"https:\/\/acceso.svet.gob.gt\/wpsvet\/index.php\/wp-json\/wp\/v2\/types\/page"}],"author":[{"embeddable":true,"href":"https:\/\/acceso.svet.gob.gt\/wpsvet\/index.php\/wp-json\/wp\/v2\/users\/1"}],"replies":[{"embeddable":true,"href":"https:\/\/acceso.svet.gob.gt\/wpsvet\/index.php\/wp-json\/wp\/v2\/comments?post=997"}],"version-history":[{"count":7,"href":"https:\/\/acceso.svet.gob.gt\/wpsvet\/index.php\/wp-json\/wp\/v2\/pages\/997\/revisions"}],"predecessor-version":[{"id":1004,"href":"https:\/\/acceso.svet.gob.gt\/wpsvet\/index.php\/wp-json\/wp\/v2\/pages\/997\/revisions\/1004"}],"wp:attachment":[{"href":"https:\/\/acceso.svet.gob.gt\/wpsvet\/index.php\/wp-json\/wp\/v2\/media?parent=997"}],"curies":[{"name":"wp","href":"https:\/\/api.w.org\/{rel}","templated":true}]}}